{"id":90,"date":"2025-11-14T07:19:23","date_gmt":"2025-11-14T07:19:23","guid":{"rendered":"https:\/\/gc-fsa.fr\/gc-fsa.fr\/?page_id=90"},"modified":"2026-01-16T13:31:35","modified_gmt":"2026-01-16T13:31:35","slug":"contenus-h5p-en-genie-civil","status":"publish","type":"page","link":"https:\/\/gc-fsa.fr\/gc-fsa.fr\/index.php\/contenus-h5p-en-genie-civil\/","title":{"rendered":"Contenus H5P en g\u00e9nie civil"},"content":{"rendered":"\n<p><strong>Jalon 1 G\u00e9n\u00e9ralit\u00e9s en g\u00e9nie civil<\/strong><\/p>\n\n\n\n<ul class=\"wp-block-list\">\n<li>G\u00e9nie Civil et BTP<\/li>\n<\/ul>\n\n\n\n<p><strong>Jalon 2 Mat\u00e9riaux et sols<\/strong><\/p>\n\n\n\n<ul class=\"wp-block-list\">\n<li><a href=\"https:\/\/gc-fsa.fr\/gc-fsa.fr\/index.php\/h5p-materiaux-et-sols-classification-des-materiaux\/\" data-type=\"page\" data-id=\"100\">Reconna\u00eetre les mat\u00e9riaux<\/a><\/li>\n\n\n\n<li><a href=\"https:\/\/gc-fsa.fr\/gc-fsa.fr\/index.php\/h5p-materiaux-et-sols-les-sols\/\" data-type=\"page\" data-id=\"114\">Les sols<\/a><\/li>\n<\/ul>\n\n\n\n<p><strong>Jalon 3 : Comportement m\u00e9canique des mat\u00e9riaux<\/strong><\/p>\n\n\n\n<ul class=\"wp-block-list\">\n<li><a href=\"https:\/\/gc-fsa.fr\/gc-fsa.fr\/index.php\/h5p-generalites-mecaniques\/\" data-type=\"page\" data-id=\"121\">G\u00e9n\u00e9ralit\u00e9s M\u00e9caniques<\/a><\/li>\n\n\n\n<li><a href=\"https:\/\/gc-fsa.fr\/gc-fsa.fr\/index.php\/h5p-forces-reactions-appuis\/\" data-type=\"page\" data-id=\"125\">Forces \/ R\u00e9actions \/ Appuis<\/a><\/li>\n<\/ul>\n\n\n\n<p><\/p>\n","protected":false},"excerpt":{"rendered":"<p>Jalon 1 G\u00e9n\u00e9ralit\u00e9s en g\u00e9nie civil Jalon 2 Mat\u00e9riaux et sols Jalon 3 : Comportement m\u00e9canique des mat\u00e9riaux<\/p>\n","protected":false},"author":1,"featured_media":93,"parent":0,"menu_order":0,"comment_status":"closed","ping_status":"closed","template":"","meta":{"_themeisle_gutenberg_block_has_review":false,"footnotes":""},"class_list":["post-90","page","type-page","status-publish","has-post-thumbnail","hentry"],"_links":{"self":[{"href":"https:\/\/gc-fsa.fr\/gc-fsa.fr\/index.php\/wp-json\/wp\/v2\/pages\/90","targetHints":{"allow":["GET"]}}],"collection":[{"href":"https:\/\/gc-fsa.fr\/gc-fsa.fr\/index.php\/wp-json\/wp\/v2\/pages"}],"about":[{"href":"https:\/\/gc-fsa.fr\/gc-fsa.fr\/index.php\/wp-json\/wp\/v2\/types\/page"}],"author":[{"embeddable":true,"href":"https:\/\/gc-fsa.fr\/gc-fsa.fr\/index.php\/wp-json\/wp\/v2\/users\/1"}],"replies":[{"embeddable":true,"href":"https:\/\/gc-fsa.fr\/gc-fsa.fr\/index.php\/wp-json\/wp\/v2\/comments?post=90"}],"version-history":[{"count":7,"href":"https:\/\/gc-fsa.fr\/gc-fsa.fr\/index.php\/wp-json\/wp\/v2\/pages\/90\/revisions"}],"predecessor-version":[{"id":128,"href":"https:\/\/gc-fsa.fr\/gc-fsa.fr\/index.php\/wp-json\/wp\/v2\/pages\/90\/revisions\/128"}],"wp:featuredmedia":[{"embeddable":true,"href":"https:\/\/gc-fsa.fr\/gc-fsa.fr\/index.php\/wp-json\/wp\/v2\/media\/93"}],"wp:attachment":[{"href":"https:\/\/gc-fsa.fr\/gc-fsa.fr\/index.php\/wp-json\/wp\/v2\/media?parent=90"}],"curies":[{"name":"wp","href":"https:\/\/api.w.org\/{rel}","templated":true}]}}